{"id":1115,"date":"2020-05-16T14:52:34","date_gmt":"2020-05-16T14:52:34","guid":{"rendered":"https:\/\/www.jcetr.gr\/?page_id=1115"},"modified":"2020-05-16T14:52:34","modified_gmt":"2020-05-16T14:52:34","slug":"vol-4-iss-1-2020-13","status":"publish","type":"page","link":"https:\/\/www.jcetr.gr\/index.php\/vol-4-iss-1-2020-13\/","title":{"rendered":"Vol.4, Iss.1, 2020"},"content":{"rendered":"\n<p><\/p>\n\n\n\n<div class=\"wp-block-columns is-layout-flex wp-container-3 wp-block-columns-is-layout-flex\">\n<div class=\"wp-block-column is-layout-flow wp-block-column-is-layout-flow\"><\/div>\n\n\n\n<div class=\"wp-block-column is-layout-flow wp-block-column-is-layout-flow\"><\/div>\n<\/div>\n\n\n\n<p class=\"has-medium-font-size\"><span style=\"color:#753a2b\" class=\"has-inline-color\"><strong>Open learning model architecture in higher education<\/strong><\/span><\/p>\n\n\n\n<p><a rel=\"noreferrer noopener\" href=\"https:\/\/orcid.org\/0000-0003-0890-7371\" target=\"_blank\"><img decoding=\"async\" loading=\"lazy\" width=\"224\" height=\"212\" class=\"wp-image-678\" style=\"width: 14px;\" src=\"https:\/\/www.jcetr.gr\/wp-content\/uploads\/2020\/05\/orcid-4.png\" alt=\"\"><\/a> <em><strong><strong>Ilona Luko\u0161evi\u010diut\u0117-Noreikien\u0117<\/strong>,&nbsp;<\/strong>Lithuanian University of Health Sciences, Lithuania<\/em><br>Published online:&nbsp;30 May 2020, JCETR, 4(1), pp. 28-33.<\/p>\n\n\n\n<p>URN: <a href=\"http:\/\/nbn-resolving.de\/urn:nbn:de:0111-pedocs-193118\" target=\"_blank\" rel=\"noreferrer noopener\">urn:nbn:de:0111-pedocs-193118<\/a>, DOI: <a href=\"http:\/\/doi.org\/10.5281\/zenodo.3769692\" target=\"_blank\" rel=\"noreferrer noopener\">10.5281\/zenodo.3769692<\/a><\/p>\n\n\n\n<div class=\"wp-block-columns is-layout-flex wp-container-6 wp-block-columns-is-layout-flex\">\n<div class=\"wp-block-column is-layout-flow wp-block-column-is-layout-flow\"><\/div>\n\n\n\n<div class=\"wp-block-column is-layout-flow wp-block-column-is-layout-flow\"><\/div>\n<\/div>\n\n\n\n<div class=\"wp-block-columns is-layout-flex wp-container-9 wp-block-columns-is-layout-flex\">\n<div class=\"wp-block-column is-layout-flow wp-block-column-is-layout-flow\"><\/div>\n\n\n\n<div class=\"wp-block-column is-layout-flow wp-block-column-is-layout-flow\"><\/div>\n<\/div>\n\n\n\n<h3 class=\"wp-block-heading\">Endnote Export<\/h3>\n\n\n\n<pre class=\"wp-block-preformatted\"><\/pre>\n\n\n\n<figure class=\"wp-block-table is-style-stripes\"><table><tbody><tr><td>%T Open learning model architecture in higher education<br>%A Ilona Luko\u0161evi\u010diut\u0117-Noreikien\u0117<br>%J Journal of Contemporary Education Theory &amp; Research<br>%N 1<br>%P 28-33<br>%V 4<br>%D 2020<br>%@ 2654-0274<br>%~ <em><em>International Hellenic University<\/em><\/em><br>%> http:\/\/doi.org\/10.5281\/zenodo.3769692<br>%X Abstract.<br>%C MISC<br>%G en<br>%9 Zeitschriftenartikel<\/td><\/tr><\/tbody><\/table><\/figure>\n\n\n\n<p><\/p>\n","protected":false},"excerpt":{"rendered":"<p>Open learning model architecture in higher education Ilona Luko\u0161evi\u010diut\u0117-Noreikien\u0117,\u00a0Lithuanian University of Health Sciences, LithuaniaPublished online:\u00a030 May 2020, JCETR, 4(1), pp. 28-33. URN: urn:nbn:de:0111-pedocs-193118, DOI: 10.5281\/zenodo.3769692 Endnote Export %T Open learning model architecture in higher education%A Ilona Luko\u0161evi\u010diut\u0117-Noreikien\u0117%J Journal of Contemporary Education Theory &amp; Research%N 1%P 28-33%V 4%D 2020%@ 2654-0274%~ International Hellenic University%&gt; http:\/\/doi.org\/10.5281\/zenodo.3769692%X Abstract.%C MISC%G [\u2026]<\/p>\n","protected":false},"author":1,"featured_media":0,"parent":0,"menu_order":0,"comment_status":"closed","ping_status":"open","template":"","meta":{"footnotes":""},"_links":{"self":[{"href":"https:\/\/www.jcetr.gr\/index.php\/wp-json\/wp\/v2\/pages\/1115"}],"collection":[{"href":"https:\/\/www.jcetr.gr\/index.php\/wp-json\/wp\/v2\/pages"}],"about":[{"href":"https:\/\/www.jcetr.gr\/index.php\/wp-json\/wp\/v2\/types\/page"}],"author":[{"embeddable":true,"href":"https:\/\/www.jcetr.gr\/index.php\/wp-json\/wp\/v2\/users\/1"}],"replies":[{"embeddable":true,"href":"https:\/\/www.jcetr.gr\/index.php\/wp-json\/wp\/v2\/comments?post=1115"}],"version-history":[{"count":1,"href":"https:\/\/www.jcetr.gr\/index.php\/wp-json\/wp\/v2\/pages\/1115\/revisions"}],"predecessor-version":[{"id":1116,"href":"https:\/\/www.jcetr.gr\/index.php\/wp-json\/wp\/v2\/pages\/1115\/revisions\/1116"}],"wp:attachment":[{"href":"https:\/\/www.jcetr.gr\/index.php\/wp-json\/wp\/v2\/media?parent=1115"}],"curies":[{"name":"wp","href":"https:\/\/api.w.org\/{rel}","templated":true}]}}